{"id":735,"date":"2025-12-18T22:43:43","date_gmt":"2025-12-19T01:43:43","guid":{"rendered":"https:\/\/lojadecodigos.com.br\/wordpress_netaf\/?page_id=735"},"modified":"2026-03-10T12:48:11","modified_gmt":"2026-03-10T15:48:11","slug":"peila","status":"publish","type":"page","link":"https:\/\/netaf.com.br\/?page_id=735","title":{"rendered":"PEIL\u00c1"},"content":{"rendered":"\n<figure class=\"wp-block-image alignfull size-full\"><img loading=\"lazy\" decoding=\"async\" width=\"2560\" height=\"1214\" src=\"https:\/\/netaf.com.br\/wp-content\/uploads\/2025\/12\/Hero-Peila-scaled.png\" alt=\"\" class=\"wp-image-742\" srcset=\"https:\/\/netaf.com.br\/wp-content\/uploads\/2025\/12\/Hero-Peila-scaled.png 2560w, https:\/\/netaf.com.br\/wp-content\/uploads\/2025\/12\/Hero-Peila-300x142.png 300w, https:\/\/netaf.com.br\/wp-content\/uploads\/2025\/12\/Hero-Peila-1024x486.png 1024w, https:\/\/netaf.com.br\/wp-content\/uploads\/2025\/12\/Hero-Peila-768x364.png 768w, https:\/\/netaf.com.br\/wp-content\/uploads\/2025\/12\/Hero-Peila-1536x728.png 1536w, https:\/\/netaf.com.br\/wp-content\/uploads\/2025\/12\/Hero-Peila-2048x971.png 2048w\" sizes=\"auto, (max-width: 2560px) 100vw, 2560px\" \/><\/figure>\n\n\n\n<h2 class=\"wp-block-heading\">Sobre o PEIL\u00c1<\/h2>\n\n\n\n<p>O PEIL\u00c1, Programa de Enriquecimento Instrumental para Longevidade Ativa baseado na Teoria do Prof. Reuven Feuerstein e no Paradigma do Life Span, t\u00eam como princ\u00edpio o desenvolvimento humano ao longo de toda sua vida.&nbsp; Oferecemos atividades para estimular as fun\u00e7\u00f5es cognitivas e opera\u00e7\u00f5es mentais com o objetivo de melhorar a aten\u00e7\u00e3o, mem\u00f3ria, processamentos de informa\u00e7\u00f5es, comunica\u00e7\u00e3o e intera\u00e7\u00e3o social com uma equipe interdisciplinar. \u00c9 integrado por incluir mente, corpo e emo\u00e7\u00e3o. Nosso programa tamb\u00e9m promove a longevidade ativa atrav\u00e9s do incentivo ao protagonismo na vida a partir dos 50 anos, com oportunidade de criar novas conex\u00f5es.<\/p>\n\n\n\n<p>Quer saber mais sobre o nosso programa? <a href=\"https:\/\/www.instagram.com\/peila.longevidadeativa\/\" target=\"_blank\" rel=\"noreferrer noopener\">Acesse o Instagram do PEIL\u00c1<\/a>.<\/p>\n\n\n\n<div class=\"wp-block-columns is-layout-flex wp-container-core-columns-is-layout-1ec2ec05 wp-block-columns-is-layout-flex\" style=\"margin-top:0;margin-bottom:0;padding-top:0;padding-right:0;padding-bottom:0;padding-left:0\">\n<div class=\"wp-block-column is-layout-flow wp-block-column-is-layout-flow\">\n<figure class=\"wp-block-image alignfull size-large\" style=\"margin-top:0;margin-bottom:0\"><img loading=\"lazy\" decoding=\"async\" width=\"1024\" height=\"1024\" src=\"https:\/\/netaf.com.br\/wp-content\/uploads\/2025\/12\/536982505_17894928024278207_5628398544195363301_n-1024x1024.webp\" alt=\"\" class=\"wp-image-740\" srcset=\"https:\/\/netaf.com.br\/wp-content\/uploads\/2025\/12\/536982505_17894928024278207_5628398544195363301_n-1024x1024.webp 1024w, https:\/\/netaf.com.br\/wp-content\/uploads\/2025\/12\/536982505_17894928024278207_5628398544195363301_n-300x300.webp 300w, https:\/\/netaf.com.br\/wp-content\/uploads\/2025\/12\/536982505_17894928024278207_5628398544195363301_n-150x150.webp 150w, https:\/\/netaf.com.br\/wp-content\/uploads\/2025\/12\/536982505_17894928024278207_5628398544195363301_n-768x768.webp 768w, https:\/\/netaf.com.br\/wp-content\/uploads\/2025\/12\/536982505_17894928024278207_5628398544195363301_n.webp 1080w\" sizes=\"auto, (max-width: 1024px) 100vw, 1024px\" \/><\/figure>\n<\/div>\n\n\n\n<div class=\"wp-block-column is-layout-flow wp-block-column-is-layout-flow\">\n<figure class=\"wp-block-gallery has-nested-images columns-default is-cropped wp-block-gallery-1 is-layout-flex wp-block-gallery-is-layout-flex\">\n<figure class=\"wp-block-image size-large\"><img loading=\"lazy\" decoding=\"async\" width=\"254\" height=\"254\" data-id=\"749\" src=\"https:\/\/netaf.com.br\/wp-content\/uploads\/2025\/12\/Screenshot-from-2025-12-18-22-53-21.png\" alt=\"\" class=\"wp-image-749\" srcset=\"https:\/\/netaf.com.br\/wp-content\/uploads\/2025\/12\/Screenshot-from-2025-12-18-22-53-21.png 254w, https:\/\/netaf.com.br\/wp-content\/uploads\/2025\/12\/Screenshot-from-2025-12-18-22-53-21-150x150.png 150w\" sizes=\"auto, (max-width: 254px) 100vw, 254px\" \/><\/figure>\n<\/figure>\n<\/div>\n\n\n\n<div class=\"wp-block-column is-layout-flow wp-block-column-is-layout-flow\">\n<figure class=\"wp-block-image size-large\" style=\"margin-top:0;margin-bottom:0\"><img loading=\"lazy\" decoding=\"async\" width=\"960\" height=\"960\" src=\"https:\/\/netaf.com.br\/wp-content\/uploads\/2026\/02\/WhatsApp-Image-2026-02-26-at-17.41.46-edited.jpeg\" alt=\"\" class=\"wp-image-821\" srcset=\"https:\/\/netaf.com.br\/wp-content\/uploads\/2026\/02\/WhatsApp-Image-2026-02-26-at-17.41.46-edited.jpeg 960w, https:\/\/netaf.com.br\/wp-content\/uploads\/2026\/02\/WhatsApp-Image-2026-02-26-at-17.41.46-edited-300x300.jpeg 300w, https:\/\/netaf.com.br\/wp-content\/uploads\/2026\/02\/WhatsApp-Image-2026-02-26-at-17.41.46-edited-150x150.jpeg 150w, https:\/\/netaf.com.br\/wp-content\/uploads\/2026\/02\/WhatsApp-Image-2026-02-26-at-17.41.46-edited-768x768.jpeg 768w\" sizes=\"auto, (max-width: 960px) 100vw, 960px\" \/><\/figure>\n<\/div>\n\n\n\n<div class=\"wp-block-column is-layout-flow wp-block-column-is-layout-flow\">\n<figure class=\"wp-block-image size-full\"><img loading=\"lazy\" decoding=\"async\" width=\"1024\" height=\"1024\" src=\"https:\/\/netaf.com.br\/wp-content\/uploads\/2026\/01\/Sem-titulo.jpeg\" alt=\"\" class=\"wp-image-762\" srcset=\"https:\/\/netaf.com.br\/wp-content\/uploads\/2026\/01\/Sem-titulo.jpeg 1024w, https:\/\/netaf.com.br\/wp-content\/uploads\/2026\/01\/Sem-titulo-300x300.jpeg 300w, https:\/\/netaf.com.br\/wp-content\/uploads\/2026\/01\/Sem-titulo-150x150.jpeg 150w, https:\/\/netaf.com.br\/wp-content\/uploads\/2026\/01\/Sem-titulo-768x768.jpeg 768w\" sizes=\"auto, (max-width: 1024px) 100vw, 1024px\" \/><\/figure>\n<\/div>\n\n\n\n<div class=\"wp-block-column is-layout-flow wp-block-column-is-layout-flow\">\n<figure class=\"wp-block-image size-full\"><img loading=\"lazy\" decoding=\"async\" width=\"1024\" height=\"1024\" src=\"https:\/\/netaf.com.br\/wp-content\/uploads\/2026\/01\/Sem-titulo-2.jpeg\" alt=\"\" class=\"wp-image-763\" srcset=\"https:\/\/netaf.com.br\/wp-content\/uploads\/2026\/01\/Sem-titulo-2.jpeg 1024w, https:\/\/netaf.com.br\/wp-content\/uploads\/2026\/01\/Sem-titulo-2-300x300.jpeg 300w, https:\/\/netaf.com.br\/wp-content\/uploads\/2026\/01\/Sem-titulo-2-150x150.jpeg 150w, https:\/\/netaf.com.br\/wp-content\/uploads\/2026\/01\/Sem-titulo-2-768x768.jpeg 768w\" sizes=\"auto, (max-width: 1024px) 100vw, 1024px\" \/><\/figure>\n<\/div>\n<\/div>\n\n\n\n<p><\/p>\n\n\n\n<p><\/p>\n","protected":false},"excerpt":{"rendered":"<p>Sobre o PEIL\u00c1 O PEIL\u00c1, Programa de Enriquecimento Instrumental para Longevidade Ativa baseado na Teoria do Prof. Reuven Feuerstein e [&hellip;]<\/p>\n","protected":false},"author":1,"featured_media":0,"parent":0,"menu_order":0,"comment_status":"closed","ping_status":"closed","template":"","meta":{"_eb_attr":"","site-sidebar-layout":"default","site-content-layout":"","ast-site-content-layout":"default","site-content-style":"default","site-sidebar-style":"default","ast-global-header-display":"","ast-banner-title-visibility":"","ast-main-header-display":"","ast-hfb-above-header-display":"","ast-hfb-below-header-display":"","ast-hfb-mobile-header-display":"","site-post-title":"disabled","ast-breadcrumbs-content":"","ast-featured-img":"","footer-sml-layout":"","theme-transparent-header-meta":"","adv-header-id-meta":"","stick-header-meta":"","header-above-stick-meta":"","header-main-stick-meta":"","header-below-stick-meta":"","astra-migrate-meta-layouts":"default","ast-page-background-enabled":"default","ast-page-background-meta":{"desktop":{"background-color":"var(--ast-global-color-5)","background-image":"","background-repeat":"repeat","background-position":"center center","background-size":"auto","background-attachment":"scroll","background-type":"","background-media":"","overlay-type":"","overlay-color":"","overlay-opacity":"","overlay-gradient":""},"tablet":{"background-color":"","background-image":"","background-repeat":"repeat","background-position":"center center","background-size":"auto","background-attachment":"scroll","background-type":"","background-media":"","overlay-type":"","overlay-color":"","overlay-opacity":"","overlay-gradient":""},"mobile":{"background-color":"","background-image":"","background-repeat":"repeat","background-position":"center center","background-size":"auto","background-attachment":"scroll","background-type":"","background-media":"","overlay-type":"","overlay-color":"","overlay-opacity":"","overlay-gradient":""}},"ast-content-background-meta":{"desktop":{"background-color":"var(--ast-global-color-4)","background-image":"","background-repeat":"repeat","background-position":"center center","background-size":"auto","background-attachment":"scroll","background-type":"","background-media":"","overlay-type":"","overlay-color":"","overlay-opacity":"","overlay-gradient":""},"tablet":{"background-color":"var(--ast-global-color-4)","background-image":"","background-repeat":"repeat","background-position":"center center","background-size":"auto","background-attachment":"scroll","background-type":"","background-media":"","overlay-type":"","overlay-color":"","overlay-opacity":"","overlay-gradient":""},"mobile":{"background-color":"var(--ast-global-color-4)","background-image":"","background-repeat":"repeat","background-position":"center center","background-size":"auto","background-attachment":"scroll","background-type":"","background-media":"","overlay-type":"","overlay-color":"","overlay-opacity":"","overlay-gradient":""}},"footnotes":""},"class_list":["post-735","page","type-page","status-publish","hentry"],"yoast_head":"<!-- This site is optimized with the Yoast SEO plugin v27.1.1 - https:\/\/yoast.com\/product\/yoast-seo-wordpress\/ -->\n<title>PEIL\u00c1 - NETAF - N\u00facleo de Estudos e Terapias<\/title>\n<meta name=\"robots\" content=\"index, follow, max-snippet:-1, max-image-preview:large, max-video-preview:-1\" \/>\n<link rel=\"canonical\" href=\"https:\/\/netaf.com.br\/?page_id=735\" \/>\n<meta property=\"og:locale\" content=\"pt_BR\" \/>\n<meta property=\"og:type\" content=\"article\" \/>\n<meta property=\"og:title\" content=\"PEIL\u00c1 - NETAF - N\u00facleo de Estudos e Terapias\" \/>\n<meta property=\"og:description\" content=\"Sobre o PEIL\u00c1 O PEIL\u00c1, Programa de Enriquecimento Instrumental para Longevidade Ativa baseado na Teoria do Prof. Reuven Feuerstein e [&hellip;]\" \/>\n<meta property=\"og:url\" content=\"https:\/\/netaf.com.br\/?page_id=735\" \/>\n<meta property=\"og:site_name\" content=\"NETAF - N\u00facleo de Estudos e Terapias\" \/>\n<meta property=\"article:modified_time\" content=\"2026-03-10T15:48:11+00:00\" \/>\n<meta property=\"og:image\" content=\"https:\/\/netaf.com.br\/wp-content\/uploads\/2025\/12\/Hero-Peila-scaled.png\" \/>\n\t<meta property=\"og:image:width\" content=\"2560\" \/>\n\t<meta property=\"og:image:height\" content=\"1214\" \/>\n\t<meta property=\"og:image:type\" content=\"image\/png\" \/>\n<meta name=\"twitter:card\" content=\"summary_large_image\" \/>\n<meta name=\"twitter:label1\" content=\"Est. tempo de leitura\" \/>\n\t<meta name=\"twitter:data1\" content=\"2 minutos\" \/>\n<script type=\"application\/ld+json\" class=\"yoast-schema-graph\">{\"@context\":\"https:\/\/schema.org\",\"@graph\":[{\"@type\":\"WebPage\",\"@id\":\"https:\/\/netaf.com.br\/?page_id=735\",\"url\":\"https:\/\/netaf.com.br\/?page_id=735\",\"name\":\"PEIL\u00c1 - NETAF - N\u00facleo de Estudos e Terapias\",\"isPartOf\":{\"@id\":\"https:\/\/netaf.com.br\/#website\"},\"primaryImageOfPage\":{\"@id\":\"https:\/\/netaf.com.br\/?page_id=735#primaryimage\"},\"image\":{\"@id\":\"https:\/\/netaf.com.br\/?page_id=735#primaryimage\"},\"thumbnailUrl\":\"https:\/\/netaf.com.br\/wp-content\/uploads\/2025\/12\/Hero-Peila-scaled.png\",\"datePublished\":\"2025-12-19T01:43:43+00:00\",\"dateModified\":\"2026-03-10T15:48:11+00:00\",\"breadcrumb\":{\"@id\":\"https:\/\/netaf.com.br\/?page_id=735#breadcrumb\"},\"inLanguage\":\"pt-BR\",\"potentialAction\":[{\"@type\":\"ReadAction\",\"target\":[\"https:\/\/netaf.com.br\/?page_id=735\"]}]},{\"@type\":\"ImageObject\",\"inLanguage\":\"pt-BR\",\"@id\":\"https:\/\/netaf.com.br\/?page_id=735#primaryimage\",\"url\":\"https:\/\/netaf.com.br\/wp-content\/uploads\/2025\/12\/Hero-Peila-scaled.png\",\"contentUrl\":\"https:\/\/netaf.com.br\/wp-content\/uploads\/2025\/12\/Hero-Peila-scaled.png\",\"width\":2560,\"height\":1214},{\"@type\":\"BreadcrumbList\",\"@id\":\"https:\/\/netaf.com.br\/?page_id=735#breadcrumb\",\"itemListElement\":[{\"@type\":\"ListItem\",\"position\":1,\"name\":\"In\u00edcio\",\"item\":\"https:\/\/netaf.com.br\/\"},{\"@type\":\"ListItem\",\"position\":2,\"name\":\"PEIL\u00c1\"}]},{\"@type\":\"WebSite\",\"@id\":\"https:\/\/netaf.com.br\/#website\",\"url\":\"https:\/\/netaf.com.br\/\",\"name\":\"NETAF - N\u00facleo de Estudos e Terapias\",\"description\":\"\",\"publisher\":{\"@id\":\"https:\/\/netaf.com.br\/#organization\"},\"potentialAction\":[{\"@type\":\"SearchAction\",\"target\":{\"@type\":\"EntryPoint\",\"urlTemplate\":\"https:\/\/netaf.com.br\/?s={search_term_string}\"},\"query-input\":{\"@type\":\"PropertyValueSpecification\",\"valueRequired\":true,\"valueName\":\"search_term_string\"}}],\"inLanguage\":\"pt-BR\"},{\"@type\":\"Organization\",\"@id\":\"https:\/\/netaf.com.br\/#organization\",\"name\":\"NETAF - N\u00facleo de Estudos e Terapias\",\"url\":\"https:\/\/netaf.com.br\/\",\"logo\":{\"@type\":\"ImageObject\",\"inLanguage\":\"pt-BR\",\"@id\":\"https:\/\/netaf.com.br\/#\/schema\/logo\/image\/\",\"url\":\"https:\/\/netaf.com.br\/wp-content\/uploads\/2025\/04\/cropped-Logo-Netaf-Horizontal.png\",\"contentUrl\":\"https:\/\/netaf.com.br\/wp-content\/uploads\/2025\/04\/cropped-Logo-Netaf-Horizontal.png\",\"width\":551,\"height\":163,\"caption\":\"NETAF - N\u00facleo de Estudos e Terapias\"},\"image\":{\"@id\":\"https:\/\/netaf.com.br\/#\/schema\/logo\/image\/\"}}]}<\/script>\n<!-- \/ Yoast SEO plugin. -->","yoast_head_json":{"title":"PEIL\u00c1 - NETAF - N\u00facleo de Estudos e Terapias","robots":{"index":"index","follow":"follow","max-snippet":"max-snippet:-1","max-image-preview":"max-image-preview:large","max-video-preview":"max-video-preview:-1"},"canonical":"https:\/\/netaf.com.br\/?page_id=735","og_locale":"pt_BR","og_type":"article","og_title":"PEIL\u00c1 - NETAF - N\u00facleo de Estudos e Terapias","og_description":"Sobre o PEIL\u00c1 O PEIL\u00c1, Programa de Enriquecimento Instrumental para Longevidade Ativa baseado na Teoria do Prof. Reuven Feuerstein e [&hellip;]","og_url":"https:\/\/netaf.com.br\/?page_id=735","og_site_name":"NETAF - N\u00facleo de Estudos e Terapias","article_modified_time":"2026-03-10T15:48:11+00:00","og_image":[{"width":2560,"height":1214,"url":"https:\/\/netaf.com.br\/wp-content\/uploads\/2025\/12\/Hero-Peila-scaled.png","type":"image\/png"}],"twitter_card":"summary_large_image","twitter_misc":{"Est. tempo de leitura":"2 minutos"},"schema":{"@context":"https:\/\/schema.org","@graph":[{"@type":"WebPage","@id":"https:\/\/netaf.com.br\/?page_id=735","url":"https:\/\/netaf.com.br\/?page_id=735","name":"PEIL\u00c1 - NETAF - N\u00facleo de Estudos e Terapias","isPartOf":{"@id":"https:\/\/netaf.com.br\/#website"},"primaryImageOfPage":{"@id":"https:\/\/netaf.com.br\/?page_id=735#primaryimage"},"image":{"@id":"https:\/\/netaf.com.br\/?page_id=735#primaryimage"},"thumbnailUrl":"https:\/\/netaf.com.br\/wp-content\/uploads\/2025\/12\/Hero-Peila-scaled.png","datePublished":"2025-12-19T01:43:43+00:00","dateModified":"2026-03-10T15:48:11+00:00","breadcrumb":{"@id":"https:\/\/netaf.com.br\/?page_id=735#breadcrumb"},"inLanguage":"pt-BR","potentialAction":[{"@type":"ReadAction","target":["https:\/\/netaf.com.br\/?page_id=735"]}]},{"@type":"ImageObject","inLanguage":"pt-BR","@id":"https:\/\/netaf.com.br\/?page_id=735#primaryimage","url":"https:\/\/netaf.com.br\/wp-content\/uploads\/2025\/12\/Hero-Peila-scaled.png","contentUrl":"https:\/\/netaf.com.br\/wp-content\/uploads\/2025\/12\/Hero-Peila-scaled.png","width":2560,"height":1214},{"@type":"BreadcrumbList","@id":"https:\/\/netaf.com.br\/?page_id=735#breadcrumb","itemListElement":[{"@type":"ListItem","position":1,"name":"In\u00edcio","item":"https:\/\/netaf.com.br\/"},{"@type":"ListItem","position":2,"name":"PEIL\u00c1"}]},{"@type":"WebSite","@id":"https:\/\/netaf.com.br\/#website","url":"https:\/\/netaf.com.br\/","name":"NETAF - N\u00facleo de Estudos e Terapias","description":"","publisher":{"@id":"https:\/\/netaf.com.br\/#organization"},"potentialAction":[{"@type":"SearchAction","target":{"@type":"EntryPoint","urlTemplate":"https:\/\/netaf.com.br\/?s={search_term_string}"},"query-input":{"@type":"PropertyValueSpecification","valueRequired":true,"valueName":"search_term_string"}}],"inLanguage":"pt-BR"},{"@type":"Organization","@id":"https:\/\/netaf.com.br\/#organization","name":"NETAF - N\u00facleo de Estudos e Terapias","url":"https:\/\/netaf.com.br\/","logo":{"@type":"ImageObject","inLanguage":"pt-BR","@id":"https:\/\/netaf.com.br\/#\/schema\/logo\/image\/","url":"https:\/\/netaf.com.br\/wp-content\/uploads\/2025\/04\/cropped-Logo-Netaf-Horizontal.png","contentUrl":"https:\/\/netaf.com.br\/wp-content\/uploads\/2025\/04\/cropped-Logo-Netaf-Horizontal.png","width":551,"height":163,"caption":"NETAF - N\u00facleo de Estudos e Terapias"},"image":{"@id":"https:\/\/netaf.com.br\/#\/schema\/logo\/image\/"}}]}},"_links":{"self":[{"href":"https:\/\/netaf.com.br\/index.php?rest_route=\/wp\/v2\/pages\/735","targetHints":{"allow":["GET"]}}],"collection":[{"href":"https:\/\/netaf.com.br\/index.php?rest_route=\/wp\/v2\/pages"}],"about":[{"href":"https:\/\/netaf.com.br\/index.php?rest_route=\/wp\/v2\/types\/page"}],"author":[{"embeddable":true,"href":"https:\/\/netaf.com.br\/index.php?rest_route=\/wp\/v2\/users\/1"}],"replies":[{"embeddable":true,"href":"https:\/\/netaf.com.br\/index.php?rest_route=%2Fwp%2Fv2%2Fcomments&post=735"}],"version-history":[{"count":8,"href":"https:\/\/netaf.com.br\/index.php?rest_route=\/wp\/v2\/pages\/735\/revisions"}],"predecessor-version":[{"id":834,"href":"https:\/\/netaf.com.br\/index.php?rest_route=\/wp\/v2\/pages\/735\/revisions\/834"}],"wp:attachment":[{"href":"https:\/\/netaf.com.br\/index.php?rest_route=%2Fwp%2Fv2%2Fmedia&parent=735"}],"curies":[{"name":"wp","href":"https:\/\/api.w.org\/{rel}","templated":true}]}}