{"id":285,"date":"2025-10-03T10:30:43","date_gmt":"2025-10-03T13:30:43","guid":{"rendered":"https:\/\/lojadecodigos.com.br\/wordpress_netaf\/?page_id=285"},"modified":"2026-03-11T16:00:33","modified_gmt":"2026-03-11T19:00:33","slug":"nossa-historia","status":"publish","type":"page","link":"https:\/\/netaf.com.br\/?page_id=285","title":{"rendered":"Nossa hist\u00f3ria"},"content":{"rendered":"\n<figure class=\"wp-block-image alignfull size-full has-custom-border\"><img loading=\"lazy\" decoding=\"async\" width=\"1783\" height=\"844\" src=\"https:\/\/netaf.com.br\/wp-content\/uploads\/2026\/02\/Foto-Dea-Claudia-Logo-arrumado-1.png\" alt=\"\" class=\"wp-image-787\" style=\"border-style:none;border-width:0px;border-radius:0px\" srcset=\"https:\/\/netaf.com.br\/wp-content\/uploads\/2026\/02\/Foto-Dea-Claudia-Logo-arrumado-1.png 1783w, https:\/\/netaf.com.br\/wp-content\/uploads\/2026\/02\/Foto-Dea-Claudia-Logo-arrumado-1-300x142.png 300w, https:\/\/netaf.com.br\/wp-content\/uploads\/2026\/02\/Foto-Dea-Claudia-Logo-arrumado-1-1024x485.png 1024w, https:\/\/netaf.com.br\/wp-content\/uploads\/2026\/02\/Foto-Dea-Claudia-Logo-arrumado-1-768x364.png 768w, https:\/\/netaf.com.br\/wp-content\/uploads\/2026\/02\/Foto-Dea-Claudia-Logo-arrumado-1-1536x727.png 1536w\" sizes=\"auto, (max-width: 1783px) 100vw, 1783px\" \/><\/figure>\n\n\n\n<h2 class=\"wp-block-heading alignwide\" style=\"border-style:none;border-width:0px;padding-top:0;padding-right:0;padding-bottom:0;padding-left:0\"><mark style=\"background-color:rgba(0, 0, 0, 0);color:#000000\" class=\"has-inline-color\">Nossa hist\u00f3ria<\/mark><\/h2>\n\n\n\n<p>Andrea Arruda e Claudia Feldman se conheceram em 2003, no Kadima \u2013 N\u00facleo de Desenvolvimento Integrado, cl\u00ednica interdisciplinar fundada e dirigida por Claudia Feldman ao longo de quinze anos. Desde ent\u00e3o, estabeleceram uma s\u00f3lida afinidade profissional, que se fortaleceu ao longo do tempo. Em 2012, dessa parceria consolidada, criaram juntas o NETAF \u2013 N\u00facleo de Estudos e Terapias.<\/p>\n\n\n\n<div class=\"wp-block-columns is-layout-flex wp-container-core-columns-is-layout-28f84493 wp-block-columns-is-layout-flex\">\n<div class=\"wp-block-column is-layout-flow wp-block-column-is-layout-flow\">\n<figure class=\"wp-block-image aligncenter size-full\"><img loading=\"lazy\" decoding=\"async\" width=\"186\" height=\"192\" src=\"https:\/\/netaf.com.br\/wp-content\/uploads\/2025\/10\/Screenshot-from-2025-10-03-11-21-27.png\" alt=\"\" class=\"wp-image-294\"\/><\/figure>\n\n\n\n<h3 class=\"wp-block-heading has-text-align-center\">Nossa vis\u00e3o<\/h3>\n\n\n\n<p>Acolher singularidades e oferecer atendimento interdisciplinar em sa\u00fade e educa\u00e7\u00e3o \u00e0 crian\u00e7as, jovens e adultos, fortalecendo habilidades s\u00f3cio-emocionais, motoras, cognitivas, de linguagem e de aprendizagem, promovendo bem-estar.<\/p>\n<\/div>\n\n\n\n<div class=\"wp-block-column is-layout-flow wp-block-column-is-layout-flow\">\n<figure class=\"wp-block-image aligncenter size-full\"><img loading=\"lazy\" decoding=\"async\" width=\"186\" height=\"192\" src=\"https:\/\/netaf.com.br\/wp-content\/uploads\/2025\/10\/Screenshot-from-2025-10-03-11-21-09.png\" alt=\"\" class=\"wp-image-295\"\/><\/figure>\n\n\n\n<h3 class=\"wp-block-heading has-text-align-center\">Nossa miss\u00e3o<\/h3>\n\n\n\n<p class=\"has-text-align-left\">Potencializar voc\u00ea a seguir em frente.<\/p>\n\n\n\n<p class=\"has-text-align-left\">Ser refer\u00eancia em cuidado integrado, com ci\u00eancia e humanidade, promovendo autonomia, aprendizagem e bem-estar ao longo da vida.<\/p>\n<\/div>\n\n\n\n<div class=\"wp-block-column is-layout-flow wp-block-column-is-layout-flow\">\n<figure class=\"wp-block-image aligncenter size-full\"><img loading=\"lazy\" decoding=\"async\" width=\"186\" height=\"192\" src=\"https:\/\/netaf.com.br\/wp-content\/uploads\/2025\/10\/Screenshot-from-2025-10-03-11-21-41.png\" alt=\"\" class=\"wp-image-296\"\/><\/figure>\n\n\n\n<h3 class=\"wp-block-heading has-text-align-center\">Nossos valores<\/h3>\n\n\n\n<ul class=\"wp-block-list\">\n<li>Ser equipe interdisciplinar<\/li>\n\n\n\n<li>Pr\u00e1ticar transdisciplinar<\/li>\n\n\n\n<li>Atender de forma personalizada<\/li>\n\n\n\n<li>Olhar de forma integrada para o sujeito<\/li>\n\n\n\n<li>Oferecer um ambiente acolhedor e harm\u00f4nico<\/li>\n\n\n\n<li>Agir com transpar\u00eancia no processo terap\u00eautico<\/li>\n\n\n\n<li>Valorizar a fam\u00edlia, a escola e a sociedade<\/li>\n\n\n\n<li>Trabalhar de forma din\u00e2mica, criativa e inovadora<\/li>\n<\/ul>\n<\/div>\n<\/div>\n\n\n\n<p><\/p>\n\n\n\n<p><\/p>\n","protected":false},"excerpt":{"rendered":"<p>Nossa hist\u00f3ria Andrea Arruda e Claudia Feldman se conheceram em 2003, no Kadima \u2013 N\u00facleo de Desenvolvimento Integrado, cl\u00ednica interdisciplinar [&hellip;]<\/p>\n","protected":false},"author":1,"featured_media":0,"parent":0,"menu_order":0,"comment_status":"closed","ping_status":"closed","template":"","meta":{"_eb_attr":"","site-sidebar-layout":"default","site-content-layout":"","ast-site-content-layout":"default","site-content-style":"default","site-sidebar-style":"default","ast-global-header-display":"","ast-banner-title-visibility":"","ast-main-header-display":"","ast-hfb-above-header-display":"","ast-hfb-below-header-display":"","ast-hfb-mobile-header-display":"","site-post-title":"disabled","ast-breadcrumbs-content":"","ast-featured-img":"","footer-sml-layout":"","theme-transparent-header-meta":"","adv-header-id-meta":"","stick-header-meta":"","header-above-stick-meta":"","header-main-stick-meta":"","header-below-stick-meta":"","astra-migrate-meta-layouts":"default","ast-page-background-enabled":"default","ast-page-background-meta":{"desktop":{"background-color":"var(--ast-global-color-5)","background-image":"","background-repeat":"repeat","background-position":"center center","background-size":"auto","background-attachment":"scroll","background-type":"","background-media":"","overlay-type":"","overlay-color":"","overlay-opacity":"","overlay-gradient":""},"tablet":{"background-color":"","background-image":"","background-repeat":"repeat","background-position":"center center","background-size":"auto","background-attachment":"scroll","background-type":"","background-media":"","overlay-type":"","overlay-color":"","overlay-opacity":"","overlay-gradient":""},"mobile":{"background-color":"","background-image":"","background-repeat":"repeat","background-position":"center center","background-size":"auto","background-attachment":"scroll","background-type":"","background-media":"","overlay-type":"","overlay-color":"","overlay-opacity":"","overlay-gradient":""}},"ast-content-background-meta":{"desktop":{"background-color":"var(--ast-global-color-4)","background-image":"","background-repeat":"repeat","background-position":"center center","background-size":"auto","background-attachment":"scroll","background-type":"","background-media":"","overlay-type":"","overlay-color":"","overlay-opacity":"","overlay-gradient":""},"tablet":{"background-color":"var(--ast-global-color-4)","background-image":"","background-repeat":"repeat","background-position":"center center","background-size":"auto","background-attachment":"scroll","background-type":"","background-media":"","overlay-type":"","overlay-color":"","overlay-opacity":"","overlay-gradient":""},"mobile":{"background-color":"var(--ast-global-color-4)","background-image":"","background-repeat":"repeat","background-position":"center center","background-size":"auto","background-attachment":"scroll","background-type":"","background-media":"","overlay-type":"","overlay-color":"","overlay-opacity":"","overlay-gradient":""}},"footnotes":""},"class_list":["post-285","page","type-page","status-publish","hentry"],"yoast_head":"<!-- This site is optimized with the Yoast SEO plugin v27.1.1 - https:\/\/yoast.com\/product\/yoast-seo-wordpress\/ -->\n<title>Nossa hist\u00f3ria - NETAF - N\u00facleo de Estudos e Terapias<\/title>\n<meta name=\"robots\" content=\"index, follow, max-snippet:-1, max-image-preview:large, max-video-preview:-1\" \/>\n<link rel=\"canonical\" href=\"https:\/\/netaf.com.br\/?page_id=285\" \/>\n<meta property=\"og:locale\" content=\"pt_BR\" \/>\n<meta property=\"og:type\" content=\"article\" \/>\n<meta property=\"og:title\" content=\"Nossa hist\u00f3ria - NETAF - N\u00facleo de Estudos e Terapias\" \/>\n<meta property=\"og:description\" content=\"Nossa hist\u00f3ria Andrea Arruda e Claudia Feldman se conheceram em 2003, no Kadima \u2013 N\u00facleo de Desenvolvimento Integrado, cl\u00ednica interdisciplinar [&hellip;]\" \/>\n<meta property=\"og:url\" content=\"https:\/\/netaf.com.br\/?page_id=285\" \/>\n<meta property=\"og:site_name\" content=\"NETAF - N\u00facleo de Estudos e Terapias\" \/>\n<meta property=\"article:modified_time\" content=\"2026-03-11T19:00:33+00:00\" \/>\n<meta property=\"og:image\" content=\"https:\/\/netaf.com.br\/wp-content\/uploads\/2026\/02\/Foto-Dea-Claudia-Logo-arrumado-1.png\" \/>\n\t<meta property=\"og:image:width\" content=\"1783\" \/>\n\t<meta property=\"og:image:height\" content=\"844\" \/>\n\t<meta property=\"og:image:type\" content=\"image\/png\" \/>\n<meta name=\"twitter:card\" content=\"summary_large_image\" \/>\n<meta name=\"twitter:label1\" content=\"Est. tempo de leitura\" \/>\n\t<meta name=\"twitter:data1\" content=\"2 minutos\" \/>\n<script type=\"application\/ld+json\" class=\"yoast-schema-graph\">{\"@context\":\"https:\/\/schema.org\",\"@graph\":[{\"@type\":\"WebPage\",\"@id\":\"https:\/\/netaf.com.br\/?page_id=285\",\"url\":\"https:\/\/netaf.com.br\/?page_id=285\",\"name\":\"Nossa hist\u00f3ria - NETAF - N\u00facleo de Estudos e Terapias\",\"isPartOf\":{\"@id\":\"https:\/\/netaf.com.br\/#website\"},\"primaryImageOfPage\":{\"@id\":\"https:\/\/netaf.com.br\/?page_id=285#primaryimage\"},\"image\":{\"@id\":\"https:\/\/netaf.com.br\/?page_id=285#primaryimage\"},\"thumbnailUrl\":\"https:\/\/netaf.com.br\/wp-content\/uploads\/2026\/02\/Foto-Dea-Claudia-Logo-arrumado-1.png\",\"datePublished\":\"2025-10-03T13:30:43+00:00\",\"dateModified\":\"2026-03-11T19:00:33+00:00\",\"breadcrumb\":{\"@id\":\"https:\/\/netaf.com.br\/?page_id=285#breadcrumb\"},\"inLanguage\":\"pt-BR\",\"potentialAction\":[{\"@type\":\"ReadAction\",\"target\":[\"https:\/\/netaf.com.br\/?page_id=285\"]}]},{\"@type\":\"ImageObject\",\"inLanguage\":\"pt-BR\",\"@id\":\"https:\/\/netaf.com.br\/?page_id=285#primaryimage\",\"url\":\"https:\/\/netaf.com.br\/wp-content\/uploads\/2026\/02\/Foto-Dea-Claudia-Logo-arrumado-1.png\",\"contentUrl\":\"https:\/\/netaf.com.br\/wp-content\/uploads\/2026\/02\/Foto-Dea-Claudia-Logo-arrumado-1.png\",\"width\":1783,\"height\":844},{\"@type\":\"BreadcrumbList\",\"@id\":\"https:\/\/netaf.com.br\/?page_id=285#breadcrumb\",\"itemListElement\":[{\"@type\":\"ListItem\",\"position\":1,\"name\":\"In\u00edcio\",\"item\":\"https:\/\/netaf.com.br\/\"},{\"@type\":\"ListItem\",\"position\":2,\"name\":\"Nossa hist\u00f3ria\"}]},{\"@type\":\"WebSite\",\"@id\":\"https:\/\/netaf.com.br\/#website\",\"url\":\"https:\/\/netaf.com.br\/\",\"name\":\"NETAF - N\u00facleo de Estudos e Terapias\",\"description\":\"\",\"publisher\":{\"@id\":\"https:\/\/netaf.com.br\/#organization\"},\"potentialAction\":[{\"@type\":\"SearchAction\",\"target\":{\"@type\":\"EntryPoint\",\"urlTemplate\":\"https:\/\/netaf.com.br\/?s={search_term_string}\"},\"query-input\":{\"@type\":\"PropertyValueSpecification\",\"valueRequired\":true,\"valueName\":\"search_term_string\"}}],\"inLanguage\":\"pt-BR\"},{\"@type\":\"Organization\",\"@id\":\"https:\/\/netaf.com.br\/#organization\",\"name\":\"NETAF - N\u00facleo de Estudos e Terapias\",\"url\":\"https:\/\/netaf.com.br\/\",\"logo\":{\"@type\":\"ImageObject\",\"inLanguage\":\"pt-BR\",\"@id\":\"https:\/\/netaf.com.br\/#\/schema\/logo\/image\/\",\"url\":\"https:\/\/netaf.com.br\/wp-content\/uploads\/2025\/04\/cropped-Logo-Netaf-Horizontal.png\",\"contentUrl\":\"https:\/\/netaf.com.br\/wp-content\/uploads\/2025\/04\/cropped-Logo-Netaf-Horizontal.png\",\"width\":551,\"height\":163,\"caption\":\"NETAF - N\u00facleo de Estudos e Terapias\"},\"image\":{\"@id\":\"https:\/\/netaf.com.br\/#\/schema\/logo\/image\/\"}}]}<\/script>\n<!-- \/ Yoast SEO plugin. -->","yoast_head_json":{"title":"Nossa hist\u00f3ria - NETAF - N\u00facleo de Estudos e Terapias","robots":{"index":"index","follow":"follow","max-snippet":"max-snippet:-1","max-image-preview":"max-image-preview:large","max-video-preview":"max-video-preview:-1"},"canonical":"https:\/\/netaf.com.br\/?page_id=285","og_locale":"pt_BR","og_type":"article","og_title":"Nossa hist\u00f3ria - NETAF - N\u00facleo de Estudos e Terapias","og_description":"Nossa hist\u00f3ria Andrea Arruda e Claudia Feldman se conheceram em 2003, no Kadima \u2013 N\u00facleo de Desenvolvimento Integrado, cl\u00ednica interdisciplinar [&hellip;]","og_url":"https:\/\/netaf.com.br\/?page_id=285","og_site_name":"NETAF - N\u00facleo de Estudos e Terapias","article_modified_time":"2026-03-11T19:00:33+00:00","og_image":[{"width":1783,"height":844,"url":"https:\/\/netaf.com.br\/wp-content\/uploads\/2026\/02\/Foto-Dea-Claudia-Logo-arrumado-1.png","type":"image\/png"}],"twitter_card":"summary_large_image","twitter_misc":{"Est. tempo de leitura":"2 minutos"},"schema":{"@context":"https:\/\/schema.org","@graph":[{"@type":"WebPage","@id":"https:\/\/netaf.com.br\/?page_id=285","url":"https:\/\/netaf.com.br\/?page_id=285","name":"Nossa hist\u00f3ria - NETAF - N\u00facleo de Estudos e Terapias","isPartOf":{"@id":"https:\/\/netaf.com.br\/#website"},"primaryImageOfPage":{"@id":"https:\/\/netaf.com.br\/?page_id=285#primaryimage"},"image":{"@id":"https:\/\/netaf.com.br\/?page_id=285#primaryimage"},"thumbnailUrl":"https:\/\/netaf.com.br\/wp-content\/uploads\/2026\/02\/Foto-Dea-Claudia-Logo-arrumado-1.png","datePublished":"2025-10-03T13:30:43+00:00","dateModified":"2026-03-11T19:00:33+00:00","breadcrumb":{"@id":"https:\/\/netaf.com.br\/?page_id=285#breadcrumb"},"inLanguage":"pt-BR","potentialAction":[{"@type":"ReadAction","target":["https:\/\/netaf.com.br\/?page_id=285"]}]},{"@type":"ImageObject","inLanguage":"pt-BR","@id":"https:\/\/netaf.com.br\/?page_id=285#primaryimage","url":"https:\/\/netaf.com.br\/wp-content\/uploads\/2026\/02\/Foto-Dea-Claudia-Logo-arrumado-1.png","contentUrl":"https:\/\/netaf.com.br\/wp-content\/uploads\/2026\/02\/Foto-Dea-Claudia-Logo-arrumado-1.png","width":1783,"height":844},{"@type":"BreadcrumbList","@id":"https:\/\/netaf.com.br\/?page_id=285#breadcrumb","itemListElement":[{"@type":"ListItem","position":1,"name":"In\u00edcio","item":"https:\/\/netaf.com.br\/"},{"@type":"ListItem","position":2,"name":"Nossa hist\u00f3ria"}]},{"@type":"WebSite","@id":"https:\/\/netaf.com.br\/#website","url":"https:\/\/netaf.com.br\/","name":"NETAF - N\u00facleo de Estudos e Terapias","description":"","publisher":{"@id":"https:\/\/netaf.com.br\/#organization"},"potentialAction":[{"@type":"SearchAction","target":{"@type":"EntryPoint","urlTemplate":"https:\/\/netaf.com.br\/?s={search_term_string}"},"query-input":{"@type":"PropertyValueSpecification","valueRequired":true,"valueName":"search_term_string"}}],"inLanguage":"pt-BR"},{"@type":"Organization","@id":"https:\/\/netaf.com.br\/#organization","name":"NETAF - N\u00facleo de Estudos e Terapias","url":"https:\/\/netaf.com.br\/","logo":{"@type":"ImageObject","inLanguage":"pt-BR","@id":"https:\/\/netaf.com.br\/#\/schema\/logo\/image\/","url":"https:\/\/netaf.com.br\/wp-content\/uploads\/2025\/04\/cropped-Logo-Netaf-Horizontal.png","contentUrl":"https:\/\/netaf.com.br\/wp-content\/uploads\/2025\/04\/cropped-Logo-Netaf-Horizontal.png","width":551,"height":163,"caption":"NETAF - N\u00facleo de Estudos e Terapias"},"image":{"@id":"https:\/\/netaf.com.br\/#\/schema\/logo\/image\/"}}]}},"_links":{"self":[{"href":"https:\/\/netaf.com.br\/index.php?rest_route=\/wp\/v2\/pages\/285","targetHints":{"allow":["GET"]}}],"collection":[{"href":"https:\/\/netaf.com.br\/index.php?rest_route=\/wp\/v2\/pages"}],"about":[{"href":"https:\/\/netaf.com.br\/index.php?rest_route=\/wp\/v2\/types\/page"}],"author":[{"embeddable":true,"href":"https:\/\/netaf.com.br\/index.php?rest_route=\/wp\/v2\/users\/1"}],"replies":[{"embeddable":true,"href":"https:\/\/netaf.com.br\/index.php?rest_route=%2Fwp%2Fv2%2Fcomments&post=285"}],"version-history":[{"count":29,"href":"https:\/\/netaf.com.br\/index.php?rest_route=\/wp\/v2\/pages\/285\/revisions"}],"predecessor-version":[{"id":848,"href":"https:\/\/netaf.com.br\/index.php?rest_route=\/wp\/v2\/pages\/285\/revisions\/848"}],"wp:attachment":[{"href":"https:\/\/netaf.com.br\/index.php?rest_route=%2Fwp%2Fv2%2Fmedia&parent=285"}],"curies":[{"name":"wp","href":"https:\/\/api.w.org\/{rel}","templated":true}]}}