{"id":260,"date":"2025-10-02T22:03:31","date_gmt":"2025-10-03T01:03:31","guid":{"rendered":"https:\/\/lojadecodigos.com.br\/wordpress_netaf\/?page_id=260"},"modified":"2026-03-10T13:09:26","modified_gmt":"2026-03-10T16:09:26","slug":"home","status":"publish","type":"page","link":"https:\/\/netaf.com.br\/","title":{"rendered":"Home"},"content":{"rendered":"\n<figure class=\"wp-block-image alignfull size-full\"><img loading=\"lazy\" decoding=\"async\" width=\"2560\" height=\"1212\" src=\"https:\/\/netaf.com.br\/wp-content\/uploads\/2026\/02\/Site-Netaf-Hero-novo.png\" alt=\"\" class=\"wp-image-791\" srcset=\"https:\/\/netaf.com.br\/wp-content\/uploads\/2026\/02\/Site-Netaf-Hero-novo.png 2560w, https:\/\/netaf.com.br\/wp-content\/uploads\/2026\/02\/Site-Netaf-Hero-novo-300x142.png 300w, https:\/\/netaf.com.br\/wp-content\/uploads\/2026\/02\/Site-Netaf-Hero-novo-1024x485.png 1024w, https:\/\/netaf.com.br\/wp-content\/uploads\/2026\/02\/Site-Netaf-Hero-novo-768x364.png 768w, https:\/\/netaf.com.br\/wp-content\/uploads\/2026\/02\/Site-Netaf-Hero-novo-1536x727.png 1536w, https:\/\/netaf.com.br\/wp-content\/uploads\/2026\/02\/Site-Netaf-Hero-novo-2048x970.png 2048w\" sizes=\"auto, (max-width: 2560px) 100vw, 2560px\" \/><\/figure>\n\n\n\n<div class=\"wp-block-columns alignfull is-layout-flex wp-container-core-columns-is-layout-a20afdbb wp-block-columns-is-layout-flex\" style=\"border-style:none;border-width:0px;padding-top:var(--wp--preset--spacing--20);padding-bottom:var(--wp--preset--spacing--20)\">\n<div class=\"wp-block-column is-layout-flow wp-container-core-column-is-layout-40a3ce07 wp-block-column-is-layout-flow\" style=\"padding-top:0px;padding-right:0px;padding-bottom:0px;padding-left:0px;flex-basis:50%\">\n<figure class=\"wp-block-image alignfull size-full has-custom-border\"><img loading=\"lazy\" decoding=\"async\" width=\"1783\" height=\"844\" src=\"https:\/\/netaf.com.br\/wp-content\/uploads\/2026\/02\/Foto-Dea-Claudia-Logo-arrumado-1.png\" alt=\"\" class=\"wp-image-787\" style=\"border-style:none;border-width:0px;border-radius:0px\" srcset=\"https:\/\/netaf.com.br\/wp-content\/uploads\/2026\/02\/Foto-Dea-Claudia-Logo-arrumado-1.png 1783w, https:\/\/netaf.com.br\/wp-content\/uploads\/2026\/02\/Foto-Dea-Claudia-Logo-arrumado-1-300x142.png 300w, https:\/\/netaf.com.br\/wp-content\/uploads\/2026\/02\/Foto-Dea-Claudia-Logo-arrumado-1-1024x485.png 1024w, https:\/\/netaf.com.br\/wp-content\/uploads\/2026\/02\/Foto-Dea-Claudia-Logo-arrumado-1-768x364.png 768w, https:\/\/netaf.com.br\/wp-content\/uploads\/2026\/02\/Foto-Dea-Claudia-Logo-arrumado-1-1536x727.png 1536w\" sizes=\"auto, (max-width: 1783px) 100vw, 1783px\" \/><\/figure>\n<\/div>\n\n\n\n<div class=\"wp-block-column is-vertically-aligned-center is-layout-flow wp-container-core-column-is-layout-43dc041e wp-block-column-is-layout-flow\" style=\"padding-top:0;padding-right:0;padding-bottom:0;padding-left:0;flex-basis:50%\">\n<h2 class=\"wp-block-heading has-text-align-center\">Nossa hist\u00f3ria<\/h2>\n\n\n\n<p class=\"has-text-align-left\">Inicialmente Andrea Arruda e Claudia Feldman se conheceram no Kadima &#8211; N\u00facleo de Desenvolvimento Integrado, cl\u00ednica que Claudia Feldman fundou e dirigiu por quinze anos. Desde l\u00e1 n\u00e3o quiseram se separar e desde de 2012 criaram juntas o NETAF- N\u00facleo de Estudos e Terapias<\/p>\n\n\n\n<div class=\"wp-block-buttons is-content-justification-center is-layout-flex wp-container-core-buttons-is-layout-a89b3969 wp-block-buttons-is-layout-flex\">\n<div class=\"wp-block-button\"><a class=\"wp-block-button__link wp-element-button\" href=\"https:\/\/netaf.com.br\/?page_id=285\">Nossa miss\u00e3o, vis\u00e3o e valores<\/a><\/div>\n<\/div>\n<\/div>\n<\/div>\n\n\n\n<div class=\"wp-block-columns alignfull is-layout-flex wp-container-core-columns-is-layout-a20afdbb wp-block-columns-is-layout-flex\" style=\"padding-top:var(--wp--preset--spacing--20);padding-bottom:var(--wp--preset--spacing--20)\">\n<div class=\"wp-block-column is-layout-flow wp-block-column-is-layout-flow\" style=\"flex-basis:50%\">\n<figure class=\"wp-block-image alignfull size-full\"><img loading=\"lazy\" decoding=\"async\" width=\"2560\" height=\"1213\" src=\"https:\/\/netaf.com.br\/wp-content\/uploads\/2025\/11\/Nosso-Metodo-scaled.webp\" alt=\"\" class=\"wp-image-669\" srcset=\"https:\/\/netaf.com.br\/wp-content\/uploads\/2025\/11\/Nosso-Metodo-scaled.webp 2560w, https:\/\/netaf.com.br\/wp-content\/uploads\/2025\/11\/Nosso-Metodo-300x142.webp 300w, https:\/\/netaf.com.br\/wp-content\/uploads\/2025\/11\/Nosso-Metodo-1024x485.webp 1024w, https:\/\/netaf.com.br\/wp-content\/uploads\/2025\/11\/Nosso-Metodo-768x364.webp 768w, https:\/\/netaf.com.br\/wp-content\/uploads\/2025\/11\/Nosso-Metodo-1536x728.webp 1536w, https:\/\/netaf.com.br\/wp-content\/uploads\/2025\/11\/Nosso-Metodo-2048x970.webp 2048w\" sizes=\"auto, (max-width: 2560px) 100vw, 2560px\" \/><\/figure>\n<\/div>\n\n\n\n<div class=\"wp-block-column is-vertically-aligned-center is-layout-flow wp-block-column-is-layout-flow\" style=\"flex-basis:50%\">\n<h2 class=\"wp-block-heading has-text-align-center\">Nosso m\u00e9todo<\/h2>\n\n\n\n<p class=\"has-text-align-left\">No NETAF aquele que precisa de mais do que uma proposta de atendimento tem a possibilidade de encontrar diferentes tipos de terapias dentro de um mesmo lugar<\/p>\n\n\n\n<div class=\"wp-block-buttons is-content-justification-center is-layout-flex wp-container-core-buttons-is-layout-a89b3969 wp-block-buttons-is-layout-flex\">\n<div class=\"wp-block-button\"><a class=\"wp-block-button__link wp-element-button\" href=\"https:\/\/netaf.com.br\/?page_id=315\">Nosso m\u00e9todo e avalia\u00e7\u00e3o<\/a><\/div>\n<\/div>\n<\/div>\n<\/div>\n\n\n\n<div class=\"wp-block-columns alignfull is-layout-flex wp-container-core-columns-is-layout-a20afdbb wp-block-columns-is-layout-flex\" style=\"padding-top:var(--wp--preset--spacing--20);padding-bottom:var(--wp--preset--spacing--20)\">\n<div class=\"wp-block-column is-layout-flow wp-block-column-is-layout-flow\" style=\"flex-basis:50%\">\n<figure class=\"wp-block-image alignfull size-full\"><img loading=\"lazy\" decoding=\"async\" width=\"2560\" height=\"1213\" src=\"https:\/\/netaf.com.br\/wp-content\/uploads\/2025\/11\/Nosso-Espaco-scaled.webp\" alt=\"\" class=\"wp-image-674\" srcset=\"https:\/\/netaf.com.br\/wp-content\/uploads\/2025\/11\/Nosso-Espaco-scaled.webp 2560w, https:\/\/netaf.com.br\/wp-content\/uploads\/2025\/11\/Nosso-Espaco-300x142.webp 300w, https:\/\/netaf.com.br\/wp-content\/uploads\/2025\/11\/Nosso-Espaco-1024x485.webp 1024w, https:\/\/netaf.com.br\/wp-content\/uploads\/2025\/11\/Nosso-Espaco-768x364.webp 768w, https:\/\/netaf.com.br\/wp-content\/uploads\/2025\/11\/Nosso-Espaco-1536x728.webp 1536w, https:\/\/netaf.com.br\/wp-content\/uploads\/2025\/11\/Nosso-Espaco-2048x970.webp 2048w\" sizes=\"auto, (max-width: 2560px) 100vw, 2560px\" \/><\/figure>\n<\/div>\n\n\n\n<div class=\"wp-block-column is-vertically-aligned-center is-layout-flow wp-block-column-is-layout-flow\" style=\"flex-basis:50%\">\n<h2 class=\"wp-block-heading has-text-align-center\">Nosso n\u00facleo<\/h2>\n\n\n\n<p class=\"has-text-align-left\">No nosso espa\u00e7o, contamos com uma equipe interdisciplinar de sa\u00fade e educa\u00e7\u00e3o, que atua de forma integrada para apoiar o desenvolvimento, fortalecer habilidades e promover bem-estar<\/p>\n\n\n\n<div class=\"wp-block-buttons is-content-justification-center is-layout-flex wp-container-core-buttons-is-layout-a89b3969 wp-block-buttons-is-layout-flex\">\n<div class=\"wp-block-button\"><a class=\"wp-block-button__link wp-element-button\" href=\"https:\/\/netaf.com.br\/?page_id=584\">Nossos espa\u00e7o e profissionais<\/a><\/div>\n<\/div>\n<\/div>\n<\/div>\n\n\n\n<div class=\"wp-block-columns alignfull is-layout-flex wp-container-core-columns-is-layout-a20afdbb wp-block-columns-is-layout-flex\" style=\"padding-top:var(--wp--preset--spacing--20);padding-bottom:var(--wp--preset--spacing--20)\">\n<div class=\"wp-block-column is-layout-flow wp-block-column-is-layout-flow\" style=\"flex-basis:50%\">\n<figure class=\"wp-block-image alignfull size-full\"><img loading=\"lazy\" decoding=\"async\" width=\"1696\" height=\"804\" src=\"https:\/\/netaf.com.br\/wp-content\/uploads\/2025\/12\/Card-Peila.png\" alt=\"\" class=\"wp-image-733\" srcset=\"https:\/\/netaf.com.br\/wp-content\/uploads\/2025\/12\/Card-Peila.png 1696w, https:\/\/netaf.com.br\/wp-content\/uploads\/2025\/12\/Card-Peila-300x142.png 300w, https:\/\/netaf.com.br\/wp-content\/uploads\/2025\/12\/Card-Peila-1024x485.png 1024w, https:\/\/netaf.com.br\/wp-content\/uploads\/2025\/12\/Card-Peila-768x364.png 768w, https:\/\/netaf.com.br\/wp-content\/uploads\/2025\/12\/Card-Peila-1536x728.png 1536w\" sizes=\"auto, (max-width: 1696px) 100vw, 1696px\" \/><\/figure>\n<\/div>\n\n\n\n<div class=\"wp-block-column is-vertically-aligned-center is-layout-flow wp-block-column-is-layout-flow\" style=\"flex-basis:50%\">\n<h2 class=\"wp-block-heading has-text-align-center\">PEIL\u00c1<\/h2>\n\n\n\n<p class=\"has-text-align-left\">Conhe\u00e7a o PEIL\u00c1, nosso Programa de Enriquecimento Instrumental para Longevidade Ativa<\/p>\n\n\n\n<div class=\"wp-block-buttons is-content-justification-center is-layout-flex wp-container-core-buttons-is-layout-a89b3969 wp-block-buttons-is-layout-flex\">\n<div class=\"wp-block-button\"><a class=\"wp-block-button__link wp-element-button\" href=\"https:\/\/netaf.com.br\/?page_id=735\">Sobre o PEIL\u00c1<\/a><\/div>\n<\/div>\n<\/div>\n<\/div>\n\n\n\n<p><\/p>\n","protected":false},"excerpt":{"rendered":"<p>Nossa hist\u00f3ria Inicialmente Andrea Arruda e Claudia Feldman se conheceram no Kadima &#8211; N\u00facleo de Desenvolvimento Integrado, cl\u00ednica que Claudia [&hellip;]<\/p>\n","protected":false},"author":1,"featured_media":0,"parent":0,"menu_order":0,"comment_status":"closed","ping_status":"closed","template":"","meta":{"_eb_attr":"","site-sidebar-layout":"default","site-content-layout":"","ast-site-content-layout":"","site-content-style":"default","site-sidebar-style":"default","ast-global-header-display":"","ast-banner-title-visibility":"","ast-main-header-display":"","ast-hfb-above-header-display":"","ast-hfb-below-header-display":"","ast-hfb-mobile-header-display":"","site-post-title":"disabled","ast-breadcrumbs-content":"","ast-featured-img":"","footer-sml-layout":"","theme-transparent-header-meta":"","adv-header-id-meta":"","stick-header-meta":"","header-above-stick-meta":"","header-main-stick-meta":"","header-below-stick-meta":"","astra-migrate-meta-layouts":"default","ast-page-background-enabled":"default","ast-page-background-meta":{"desktop":{"background-color":"var(--ast-global-color-5)","background-image":"","background-repeat":"repeat","background-position":"center center","background-size":"auto","background-attachment":"scroll","background-type":"","background-media":"","overlay-type":"","overlay-color":"","overlay-opacity":"","overlay-gradient":""},"tablet":{"background-color":"","background-image":"","background-repeat":"repeat","background-position":"center center","background-size":"auto","background-attachment":"scroll","background-type":"","background-media":"","overlay-type":"","overlay-color":"","overlay-opacity":"","overlay-gradient":""},"mobile":{"background-color":"","background-image":"","background-repeat":"repeat","background-position":"center center","background-size":"auto","background-attachment":"scroll","background-type":"","background-media":"","overlay-type":"","overlay-color":"","overlay-opacity":"","overlay-gradient":""}},"ast-content-background-meta":{"desktop":{"background-color":"var(--ast-global-color-4)","background-image":"","background-repeat":"repeat","background-position":"center center","background-size":"auto","background-attachment":"scroll","background-type":"","background-media":"","overlay-type":"","overlay-color":"","overlay-opacity":"","overlay-gradient":""},"tablet":{"background-color":"var(--ast-global-color-4)","background-image":"","background-repeat":"repeat","background-position":"center center","background-size":"auto","background-attachment":"scroll","background-type":"","background-media":"","overlay-type":"","overlay-color":"","overlay-opacity":"","overlay-gradient":""},"mobile":{"background-color":"var(--ast-global-color-4)","background-image":"","background-repeat":"repeat","background-position":"center center","background-size":"auto","background-attachment":"scroll","background-type":"","background-media":"","overlay-type":"","overlay-color":"","overlay-opacity":"","overlay-gradient":""}},"footnotes":""},"class_list":["post-260","page","type-page","status-publish","hentry"],"yoast_head":"<!-- This site is optimized with the Yoast SEO plugin v27.1.1 - https:\/\/yoast.com\/product\/yoast-seo-wordpress\/ -->\n<title>Home - NETAF - N\u00facleo de Estudos e Terapias<\/title>\n<meta name=\"robots\" content=\"index, follow, max-snippet:-1, max-image-preview:large, max-video-preview:-1\" \/>\n<link rel=\"canonical\" href=\"https:\/\/netaf.com.br\/\" \/>\n<meta property=\"og:locale\" content=\"pt_BR\" \/>\n<meta property=\"og:type\" content=\"article\" \/>\n<meta property=\"og:title\" content=\"Home - NETAF - N\u00facleo de Estudos e Terapias\" \/>\n<meta property=\"og:description\" content=\"Nossa hist\u00f3ria Inicialmente Andrea Arruda e Claudia Feldman se conheceram no Kadima &#8211; N\u00facleo de Desenvolvimento Integrado, cl\u00ednica que Claudia [&hellip;]\" \/>\n<meta property=\"og:url\" content=\"https:\/\/netaf.com.br\/\" \/>\n<meta property=\"og:site_name\" content=\"NETAF - N\u00facleo de Estudos e Terapias\" \/>\n<meta property=\"article:modified_time\" content=\"2026-03-10T16:09:26+00:00\" \/>\n<meta property=\"og:image\" content=\"https:\/\/netaf.com.br\/wp-content\/uploads\/2026\/02\/Site-Netaf-Hero-novo-1024x485.png\" \/>\n\t<meta property=\"og:image:width\" content=\"1024\" \/>\n\t<meta property=\"og:image:height\" content=\"485\" \/>\n\t<meta property=\"og:image:type\" content=\"image\/png\" \/>\n<meta name=\"twitter:card\" content=\"summary_large_image\" \/>\n<meta name=\"twitter:label1\" content=\"Est. tempo de leitura\" \/>\n\t<meta name=\"twitter:data1\" content=\"2 minutos\" \/>\n<script type=\"application\/ld+json\" class=\"yoast-schema-graph\">{\"@context\":\"https:\/\/schema.org\",\"@graph\":[{\"@type\":\"WebPage\",\"@id\":\"https:\/\/netaf.com.br\/\",\"url\":\"https:\/\/netaf.com.br\/\",\"name\":\"Home - NETAF - N\u00facleo de Estudos e Terapias\",\"isPartOf\":{\"@id\":\"https:\/\/netaf.com.br\/#website\"},\"primaryImageOfPage\":{\"@id\":\"https:\/\/netaf.com.br\/#primaryimage\"},\"image\":{\"@id\":\"https:\/\/netaf.com.br\/#primaryimage\"},\"thumbnailUrl\":\"https:\/\/netaf.com.br\/wp-content\/uploads\/2026\/02\/Site-Netaf-Hero-novo.png\",\"datePublished\":\"2025-10-03T01:03:31+00:00\",\"dateModified\":\"2026-03-10T16:09:26+00:00\",\"breadcrumb\":{\"@id\":\"https:\/\/netaf.com.br\/#breadcrumb\"},\"inLanguage\":\"pt-BR\",\"potentialAction\":[{\"@type\":\"ReadAction\",\"target\":[\"https:\/\/netaf.com.br\/\"]}]},{\"@type\":\"ImageObject\",\"inLanguage\":\"pt-BR\",\"@id\":\"https:\/\/netaf.com.br\/#primaryimage\",\"url\":\"https:\/\/netaf.com.br\/wp-content\/uploads\/2026\/02\/Site-Netaf-Hero-novo.png\",\"contentUrl\":\"https:\/\/netaf.com.br\/wp-content\/uploads\/2026\/02\/Site-Netaf-Hero-novo.png\",\"width\":2560,\"height\":1212},{\"@type\":\"BreadcrumbList\",\"@id\":\"https:\/\/netaf.com.br\/#breadcrumb\",\"itemListElement\":[{\"@type\":\"ListItem\",\"position\":1,\"name\":\"In\u00edcio\",\"item\":\"https:\/\/netaf.com.br\/\"},{\"@type\":\"ListItem\",\"position\":2,\"name\":\"Home\"}]},{\"@type\":\"WebSite\",\"@id\":\"https:\/\/netaf.com.br\/#website\",\"url\":\"https:\/\/netaf.com.br\/\",\"name\":\"NETAF - N\u00facleo de Estudos e Terapias\",\"description\":\"\",\"publisher\":{\"@id\":\"https:\/\/netaf.com.br\/#organization\"},\"potentialAction\":[{\"@type\":\"SearchAction\",\"target\":{\"@type\":\"EntryPoint\",\"urlTemplate\":\"https:\/\/netaf.com.br\/?s={search_term_string}\"},\"query-input\":{\"@type\":\"PropertyValueSpecification\",\"valueRequired\":true,\"valueName\":\"search_term_string\"}}],\"inLanguage\":\"pt-BR\"},{\"@type\":\"Organization\",\"@id\":\"https:\/\/netaf.com.br\/#organization\",\"name\":\"NETAF - N\u00facleo de Estudos e Terapias\",\"url\":\"https:\/\/netaf.com.br\/\",\"logo\":{\"@type\":\"ImageObject\",\"inLanguage\":\"pt-BR\",\"@id\":\"https:\/\/netaf.com.br\/#\/schema\/logo\/image\/\",\"url\":\"https:\/\/netaf.com.br\/wp-content\/uploads\/2025\/04\/cropped-Logo-Netaf-Horizontal.png\",\"contentUrl\":\"https:\/\/netaf.com.br\/wp-content\/uploads\/2025\/04\/cropped-Logo-Netaf-Horizontal.png\",\"width\":551,\"height\":163,\"caption\":\"NETAF - N\u00facleo de Estudos e Terapias\"},\"image\":{\"@id\":\"https:\/\/netaf.com.br\/#\/schema\/logo\/image\/\"}}]}<\/script>\n<!-- \/ Yoast SEO plugin. -->","yoast_head_json":{"title":"Home - NETAF - N\u00facleo de Estudos e Terapias","robots":{"index":"index","follow":"follow","max-snippet":"max-snippet:-1","max-image-preview":"max-image-preview:large","max-video-preview":"max-video-preview:-1"},"canonical":"https:\/\/netaf.com.br\/","og_locale":"pt_BR","og_type":"article","og_title":"Home - NETAF - N\u00facleo de Estudos e Terapias","og_description":"Nossa hist\u00f3ria Inicialmente Andrea Arruda e Claudia Feldman se conheceram no Kadima &#8211; N\u00facleo de Desenvolvimento Integrado, cl\u00ednica que Claudia [&hellip;]","og_url":"https:\/\/netaf.com.br\/","og_site_name":"NETAF - N\u00facleo de Estudos e Terapias","article_modified_time":"2026-03-10T16:09:26+00:00","og_image":[{"width":1024,"height":485,"url":"https:\/\/netaf.com.br\/wp-content\/uploads\/2026\/02\/Site-Netaf-Hero-novo-1024x485.png","type":"image\/png"}],"twitter_card":"summary_large_image","twitter_misc":{"Est. tempo de leitura":"2 minutos"},"schema":{"@context":"https:\/\/schema.org","@graph":[{"@type":"WebPage","@id":"https:\/\/netaf.com.br\/","url":"https:\/\/netaf.com.br\/","name":"Home - NETAF - N\u00facleo de Estudos e Terapias","isPartOf":{"@id":"https:\/\/netaf.com.br\/#website"},"primaryImageOfPage":{"@id":"https:\/\/netaf.com.br\/#primaryimage"},"image":{"@id":"https:\/\/netaf.com.br\/#primaryimage"},"thumbnailUrl":"https:\/\/netaf.com.br\/wp-content\/uploads\/2026\/02\/Site-Netaf-Hero-novo.png","datePublished":"2025-10-03T01:03:31+00:00","dateModified":"2026-03-10T16:09:26+00:00","breadcrumb":{"@id":"https:\/\/netaf.com.br\/#breadcrumb"},"inLanguage":"pt-BR","potentialAction":[{"@type":"ReadAction","target":["https:\/\/netaf.com.br\/"]}]},{"@type":"ImageObject","inLanguage":"pt-BR","@id":"https:\/\/netaf.com.br\/#primaryimage","url":"https:\/\/netaf.com.br\/wp-content\/uploads\/2026\/02\/Site-Netaf-Hero-novo.png","contentUrl":"https:\/\/netaf.com.br\/wp-content\/uploads\/2026\/02\/Site-Netaf-Hero-novo.png","width":2560,"height":1212},{"@type":"BreadcrumbList","@id":"https:\/\/netaf.com.br\/#breadcrumb","itemListElement":[{"@type":"ListItem","position":1,"name":"In\u00edcio","item":"https:\/\/netaf.com.br\/"},{"@type":"ListItem","position":2,"name":"Home"}]},{"@type":"WebSite","@id":"https:\/\/netaf.com.br\/#website","url":"https:\/\/netaf.com.br\/","name":"NETAF - N\u00facleo de Estudos e Terapias","description":"","publisher":{"@id":"https:\/\/netaf.com.br\/#organization"},"potentialAction":[{"@type":"SearchAction","target":{"@type":"EntryPoint","urlTemplate":"https:\/\/netaf.com.br\/?s={search_term_string}"},"query-input":{"@type":"PropertyValueSpecification","valueRequired":true,"valueName":"search_term_string"}}],"inLanguage":"pt-BR"},{"@type":"Organization","@id":"https:\/\/netaf.com.br\/#organization","name":"NETAF - N\u00facleo de Estudos e Terapias","url":"https:\/\/netaf.com.br\/","logo":{"@type":"ImageObject","inLanguage":"pt-BR","@id":"https:\/\/netaf.com.br\/#\/schema\/logo\/image\/","url":"https:\/\/netaf.com.br\/wp-content\/uploads\/2025\/04\/cropped-Logo-Netaf-Horizontal.png","contentUrl":"https:\/\/netaf.com.br\/wp-content\/uploads\/2025\/04\/cropped-Logo-Netaf-Horizontal.png","width":551,"height":163,"caption":"NETAF - N\u00facleo de Estudos e Terapias"},"image":{"@id":"https:\/\/netaf.com.br\/#\/schema\/logo\/image\/"}}]}},"_links":{"self":[{"href":"https:\/\/netaf.com.br\/index.php?rest_route=\/wp\/v2\/pages\/260","targetHints":{"allow":["GET"]}}],"collection":[{"href":"https:\/\/netaf.com.br\/index.php?rest_route=\/wp\/v2\/pages"}],"about":[{"href":"https:\/\/netaf.com.br\/index.php?rest_route=\/wp\/v2\/types\/page"}],"author":[{"embeddable":true,"href":"https:\/\/netaf.com.br\/index.php?rest_route=\/wp\/v2\/users\/1"}],"replies":[{"embeddable":true,"href":"https:\/\/netaf.com.br\/index.php?rest_route=%2Fwp%2Fv2%2Fcomments&post=260"}],"version-history":[{"count":59,"href":"https:\/\/netaf.com.br\/index.php?rest_route=\/wp\/v2\/pages\/260\/revisions"}],"predecessor-version":[{"id":845,"href":"https:\/\/netaf.com.br\/index.php?rest_route=\/wp\/v2\/pages\/260\/revisions\/845"}],"wp:attachment":[{"href":"https:\/\/netaf.com.br\/index.php?rest_route=%2Fwp%2Fv2%2Fmedia&parent=260"}],"curies":[{"name":"wp","href":"https:\/\/api.w.org\/{rel}","templated":true}]}}